{"id":311,"date":"2025-09-03T21:15:40","date_gmt":"2025-09-03T21:15:40","guid":{"rendered":"https:\/\/touilinvest.com\/about\/"},"modified":"2025-09-08T20:07:33","modified_gmt":"2025-09-08T20:07:33","slug":"about","status":"publish","type":"page","link":"https:\/\/touilinvest.com\/?page_id=311","title":{"rendered":"Nos plans"},"content":{"rendered":"\t\t<div data-elementor-type=\"wp-page\" data-elementor-id=\"311\" class=\"elementor elementor-311\">\n\t\t\t\t<div class=\"elementor-element elementor-element-30c49507 e-flex e-con-boxed e-con e-parent\" data-id=\"30c49507\" data-element_type=\"container\" data-settings=\"{&quot;background_background&quot;:&quot;classic&quot;}\">\n\t\t\t\t\t<div class=\"e-con-inner\">\n\t\t\t\t<div class=\"elementor-element elementor-element-1d43daf3 elementor-widget elementor-widget-elementskit-heading\" data-id=\"1d43daf3\" data-element_type=\"widget\" data-widget_type=\"elementskit-heading.default\">\n\t\t\t\t\t<div class=\"ekit-wid-con\" ><div class=\"ekit-heading elementskit-section-title-wraper text_center   ekit_heading_tablet-   ekit_heading_mobile-\"><h2 class=\"ekit-heading--title elementskit-section-title \">D\u00e9couvrez nos plans d\u2019appartements<\/h2><\/div><\/div>\t\t\t\t<\/div>\n\t\t\t\t\t<\/div>\n\t\t\t\t<\/div>\n\t\t<div class=\"elementor-element elementor-element-56ba6df0 e-flex e-con-boxed e-con e-parent\" data-id=\"56ba6df0\" data-element_type=\"container\">\n\t\t\t\t\t<div class=\"e-con-inner\">\n\t\t<div class=\"elementor-element elementor-element-47133d70 e-con-full e-grid e-con e-child\" data-id=\"47133d70\" data-element_type=\"container\">\n\t\t\t\t<div class=\"elementor-element elementor-element-518ff76f ekit-equal-height-disable elementor-widget elementor-widget-elementskit-image-box\" data-id=\"518ff76f\" data-element_type=\"widget\" data-widget_type=\"elementskit-image-box.default\">\n\t\t\t\t\t<div class=\"ekit-wid-con\" >\n            <div class=\"elementskit-info-image-box ekit-image-box text-center simple-card\" >\n\n                \n                <div class=\"elementskit-box-header image-box-img-center\">\n\n                    <img fetchpriority=\"high\" decoding=\"async\" width=\"956\" height=\"1600\" src=\"https:\/\/touilinvest.com\/wp-content\/uploads\/2025\/09\/WhatsApp-Image-2025-09-07-at-18.46.17.jpeg\" class=\"attachment-full size-full wp-image-645\" alt=\"\" srcset=\"https:\/\/touilinvest.com\/wp-content\/uploads\/2025\/09\/WhatsApp-Image-2025-09-07-at-18.46.17.jpeg 956w, https:\/\/touilinvest.com\/wp-content\/uploads\/2025\/09\/WhatsApp-Image-2025-09-07-at-18.46.17-179x300.jpeg 179w, https:\/\/touilinvest.com\/wp-content\/uploads\/2025\/09\/WhatsApp-Image-2025-09-07-at-18.46.17-612x1024.jpeg 612w, https:\/\/touilinvest.com\/wp-content\/uploads\/2025\/09\/WhatsApp-Image-2025-09-07-at-18.46.17-768x1285.jpeg 768w, https:\/\/touilinvest.com\/wp-content\/uploads\/2025\/09\/WhatsApp-Image-2025-09-07-at-18.46.17-918x1536.jpeg 918w\" sizes=\"(max-width: 956px) 100vw, 956px\" \/>\n                <\/div>\n                \n                <div class=\"elementskit-box-body ekit-image-box-body\">\n                    <div class=\"elementskit-box-content ekit-image-box-body-inner\">\n                                                <h3 class=\"elementskit-info-box-title\">\n\n                        Des appartements de qualit\u00e9 dot\u00e9s de belles finitions et d\u2019espaces astucieusement am\u00e9nag\u00e9s.\n                        \n                    <\/h3>\n                                                            <div class=\"elementskit-box-style-content\">\n                        \n\n\n                    <\/div>\n                                    <\/div>\n\n                            <\/div>\n            <\/div>\n    <\/div>\t\t\t\t<\/div>\n\t\t\t\t<div class=\"elementor-element elementor-element-5e632435 ekit-equal-height-disable elementor-widget elementor-widget-elementskit-image-box\" data-id=\"5e632435\" data-element_type=\"widget\" data-widget_type=\"elementskit-image-box.default\">\n\t\t\t\t\t<div class=\"ekit-wid-con\" >\n            <div class=\"elementskit-info-image-box ekit-image-box text-center simple-card\" >\n\n                \n                <div class=\"elementskit-box-header image-box-img-center\">\n\n                    <img decoding=\"async\" width=\"1206\" height=\"1298\" src=\"https:\/\/touilinvest.com\/wp-content\/uploads\/2025\/09\/WhatsApp-Image-2025-09-07-at-18.46.18.jpeg\" class=\"attachment-full size-full wp-image-644\" alt=\"\" srcset=\"https:\/\/touilinvest.com\/wp-content\/uploads\/2025\/09\/WhatsApp-Image-2025-09-07-at-18.46.18.jpeg 1206w, https:\/\/touilinvest.com\/wp-content\/uploads\/2025\/09\/WhatsApp-Image-2025-09-07-at-18.46.18-279x300.jpeg 279w, https:\/\/touilinvest.com\/wp-content\/uploads\/2025\/09\/WhatsApp-Image-2025-09-07-at-18.46.18-951x1024.jpeg 951w, https:\/\/touilinvest.com\/wp-content\/uploads\/2025\/09\/WhatsApp-Image-2025-09-07-at-18.46.18-768x827.jpeg 768w\" sizes=\"(max-width: 1206px) 100vw, 1206px\" \/>\n                <\/div>\n                \n                <div class=\"elementskit-box-body ekit-image-box-body\">\n                    <div class=\"elementskit-box-content ekit-image-box-body-inner\">\n                                                <h3 class=\"elementskit-info-box-title\">\n\n                        Un cadre de vie moderne et baln\u00e9aire, pens\u00e9 pour votre confort et votre tranquillit\u00e9.\n                        \n                    <\/h3>\n                                                        <\/div>\n\n                            <\/div>\n            <\/div>\n    <\/div>\t\t\t\t<\/div>\n\t\t\t\t<div class=\"elementor-element elementor-element-478d594b ekit-equal-height-disable elementor-widget elementor-widget-elementskit-image-box\" data-id=\"478d594b\" data-element_type=\"widget\" data-widget_type=\"elementskit-image-box.default\">\n\t\t\t\t\t<div class=\"ekit-wid-con\" >\n            <div class=\"elementskit-info-image-box ekit-image-box text-center simple-card\" >\n\n                \n                <div class=\"elementskit-box-header image-box-img-center\">\n\n                    <img decoding=\"async\" width=\"1050\" height=\"1600\" src=\"https:\/\/touilinvest.com\/wp-content\/uploads\/2025\/09\/WhatsApp-Image-2025-09-07-at-18.46.18-1.jpeg\" class=\"attachment-full size-full wp-image-643\" alt=\"\" srcset=\"https:\/\/touilinvest.com\/wp-content\/uploads\/2025\/09\/WhatsApp-Image-2025-09-07-at-18.46.18-1.jpeg 1050w, https:\/\/touilinvest.com\/wp-content\/uploads\/2025\/09\/WhatsApp-Image-2025-09-07-at-18.46.18-1-197x300.jpeg 197w, https:\/\/touilinvest.com\/wp-content\/uploads\/2025\/09\/WhatsApp-Image-2025-09-07-at-18.46.18-1-672x1024.jpeg 672w, https:\/\/touilinvest.com\/wp-content\/uploads\/2025\/09\/WhatsApp-Image-2025-09-07-at-18.46.18-1-768x1170.jpeg 768w, https:\/\/touilinvest.com\/wp-content\/uploads\/2025\/09\/WhatsApp-Image-2025-09-07-at-18.46.18-1-1008x1536.jpeg 1008w\" sizes=\"(max-width: 1050px) 100vw, 1050px\" \/>\n                <\/div>\n                \n                <div class=\"elementskit-box-body ekit-image-box-body\">\n                    <div class=\"elementskit-box-content ekit-image-box-body-inner\">\n                                                <h3 class=\"elementskit-info-box-title\">\n\n                         Parking en sous-sol s\u00e9curis\u00e9  R\u00e9sidence ferm\u00e9e et s\u00e9curis\u00e9e\n                        \n                    <\/h3>\n                                                        <\/div>\n\n                            <\/div>\n            <\/div>\n    <\/div>\t\t\t\t<\/div>\n\t\t\t\t<div class=\"elementor-element elementor-element-136ac339 ekit-equal-height-disable elementor-widget elementor-widget-elementskit-image-box\" data-id=\"136ac339\" data-element_type=\"widget\" data-widget_type=\"elementskit-image-box.default\">\n\t\t\t\t\t<div class=\"ekit-wid-con\" >\n            <div class=\"elementskit-info-image-box ekit-image-box text-center simple-card\" >\n\n                \n                <div class=\"elementskit-box-header image-box-img-center\">\n\n                    <img loading=\"lazy\" decoding=\"async\" width=\"797\" height=\"1345\" src=\"https:\/\/touilinvest.com\/wp-content\/uploads\/2025\/09\/WhatsApp-Image-2025-09-07-at-18.46.18-2.jpeg\" class=\"attachment-full size-full wp-image-642\" alt=\"\" srcset=\"https:\/\/touilinvest.com\/wp-content\/uploads\/2025\/09\/WhatsApp-Image-2025-09-07-at-18.46.18-2.jpeg 797w, https:\/\/touilinvest.com\/wp-content\/uploads\/2025\/09\/WhatsApp-Image-2025-09-07-at-18.46.18-2-178x300.jpeg 178w, https:\/\/touilinvest.com\/wp-content\/uploads\/2025\/09\/WhatsApp-Image-2025-09-07-at-18.46.18-2-607x1024.jpeg 607w, https:\/\/touilinvest.com\/wp-content\/uploads\/2025\/09\/WhatsApp-Image-2025-09-07-at-18.46.18-2-768x1296.jpeg 768w\" sizes=\"(max-width: 797px) 100vw, 797px\" \/>\n                <\/div>\n                \n                <div class=\"elementskit-box-body ekit-image-box-body\">\n                    <div class=\"elementskit-box-content ekit-image-box-body-inner\">\n                                                <h3 class=\"elementskit-info-box-title\">\n\n                        Climatisation centralis\u00e9e\n                        \n                    <\/h3>\n                                                        <\/div>\n\n                            <\/div>\n            <\/div>\n    <\/div>\t\t\t\t<\/div>\n\t\t\t\t<div class=\"elementor-element elementor-element-785923f ekit-equal-height-disable elementor-widget elementor-widget-elementskit-image-box\" data-id=\"785923f\" data-element_type=\"widget\" data-widget_type=\"elementskit-image-box.default\">\n\t\t\t\t\t<div class=\"ekit-wid-con\" >\n            <div class=\"elementskit-info-image-box ekit-image-box text-center simple-card\" >\n\n                \n                <div class=\"elementskit-box-header image-box-img-center\">\n\n                    <img loading=\"lazy\" decoding=\"async\" width=\"1206\" height=\"1089\" src=\"https:\/\/touilinvest.com\/wp-content\/uploads\/2025\/09\/WhatsApp-Image-2025-09-07-at-18.46.19.jpeg\" class=\"attachment-full size-full wp-image-641\" alt=\"\" srcset=\"https:\/\/touilinvest.com\/wp-content\/uploads\/2025\/09\/WhatsApp-Image-2025-09-07-at-18.46.19.jpeg 1206w, https:\/\/touilinvest.com\/wp-content\/uploads\/2025\/09\/WhatsApp-Image-2025-09-07-at-18.46.19-300x271.jpeg 300w, https:\/\/touilinvest.com\/wp-content\/uploads\/2025\/09\/WhatsApp-Image-2025-09-07-at-18.46.19-1024x925.jpeg 1024w, https:\/\/touilinvest.com\/wp-content\/uploads\/2025\/09\/WhatsApp-Image-2025-09-07-at-18.46.19-768x693.jpeg 768w\" sizes=\"(max-width: 1206px) 100vw, 1206px\" \/>\n                <\/div>\n                \n                <div class=\"elementskit-box-body ekit-image-box-body\">\n                    <div class=\"elementskit-box-content ekit-image-box-body-inner\">\n                                                <h3 class=\"elementskit-info-box-title\">\n\n                         Piscine et salons panoramiques au rooftop\n                        \n                    <\/h3>\n                                                            <div class=\"elementskit-box-style-content\">\n                        \n                    <\/div>\n                                    <\/div>\n\n                            <\/div>\n            <\/div>\n    <\/div>\t\t\t\t<\/div>\n\t\t\t\t<div class=\"elementor-element elementor-element-7c239b0c ekit-equal-height-disable elementor-widget elementor-widget-elementskit-image-box\" data-id=\"7c239b0c\" data-element_type=\"widget\" data-widget_type=\"elementskit-image-box.default\">\n\t\t\t\t\t<div class=\"ekit-wid-con\" >\n            <div class=\"elementskit-info-image-box ekit-image-box text-center simple-card\" >\n\n                \n                <div class=\"elementskit-box-header image-box-img-center\">\n\n                    <img loading=\"lazy\" decoding=\"async\" width=\"870\" height=\"1365\" src=\"https:\/\/touilinvest.com\/wp-content\/uploads\/2025\/09\/WhatsApp-Image-2025-09-07-at-18.46.19-1.jpeg\" class=\"attachment-full size-full wp-image-640\" alt=\"\" srcset=\"https:\/\/touilinvest.com\/wp-content\/uploads\/2025\/09\/WhatsApp-Image-2025-09-07-at-18.46.19-1.jpeg 870w, https:\/\/touilinvest.com\/wp-content\/uploads\/2025\/09\/WhatsApp-Image-2025-09-07-at-18.46.19-1-191x300.jpeg 191w, https:\/\/touilinvest.com\/wp-content\/uploads\/2025\/09\/WhatsApp-Image-2025-09-07-at-18.46.19-1-653x1024.jpeg 653w, https:\/\/touilinvest.com\/wp-content\/uploads\/2025\/09\/WhatsApp-Image-2025-09-07-at-18.46.19-1-768x1205.jpeg 768w\" sizes=\"(max-width: 870px) 100vw, 870px\" \/>\n                <\/div>\n                \n                <div class=\"elementskit-box-body ekit-image-box-body\">\n                    <div class=\"elementskit-box-content ekit-image-box-body-inner\">\n                                                <h3 class=\"elementskit-info-box-title\">\n\n                        Un espace lumineux et moderne, con\u00e7u pour embellir votre quotidien.\n                        \n                    <\/h3>\n                                                        <\/div>\n\n                            <\/div>\n            <\/div>\n    <\/div>\t\t\t\t<\/div>\n\t\t\t\t<div class=\"elementor-element elementor-element-2ba78a7a ekit-equal-height-disable elementor-widget elementor-widget-elementskit-image-box\" data-id=\"2ba78a7a\" data-element_type=\"widget\" data-widget_type=\"elementskit-image-box.default\">\n\t\t\t\t\t<div class=\"ekit-wid-con\" >\n            <div class=\"elementskit-info-image-box ekit-image-box text-center simple-card\" >\n\n                \n                <div class=\"elementskit-box-header image-box-img-center\">\n\n                    <img loading=\"lazy\" decoding=\"async\" width=\"817\" height=\"1386\" src=\"https:\/\/touilinvest.com\/wp-content\/uploads\/2025\/09\/WhatsApp-Image-2025-09-07-at-18.46.19-2.jpeg\" class=\"attachment-full size-full wp-image-639\" alt=\"\" srcset=\"https:\/\/touilinvest.com\/wp-content\/uploads\/2025\/09\/WhatsApp-Image-2025-09-07-at-18.46.19-2.jpeg 817w, https:\/\/touilinvest.com\/wp-content\/uploads\/2025\/09\/WhatsApp-Image-2025-09-07-at-18.46.19-2-177x300.jpeg 177w, https:\/\/touilinvest.com\/wp-content\/uploads\/2025\/09\/WhatsApp-Image-2025-09-07-at-18.46.19-2-604x1024.jpeg 604w, https:\/\/touilinvest.com\/wp-content\/uploads\/2025\/09\/WhatsApp-Image-2025-09-07-at-18.46.19-2-768x1303.jpeg 768w\" sizes=\"(max-width: 817px) 100vw, 817px\" \/>\n                <\/div>\n                \n                <div class=\"elementskit-box-body ekit-image-box-body\">\n                    <div class=\"elementskit-box-content ekit-image-box-body-inner\">\n                                                <h3 class=\"elementskit-info-box-title\">\n\n                        Entre modernit\u00e9 et nature, votre nouvelle adresse vous attend\n                        \n                    <\/h3>\n                                                            <div class=\"elementskit-box-style-content\">\n                        .                    <\/div>\n                                    <\/div>\n\n                            <\/div>\n            <\/div>\n    <\/div>\t\t\t\t<\/div>\n\t\t\t\t<\/div>\n\t\t\t\t\t<\/div>\n\t\t\t\t<\/div>\n\t\t<div class=\"elementor-element elementor-element-54111059 e-flex e-con-boxed e-con e-parent\" data-id=\"54111059\" data-element_type=\"container\" id=\"xs_cta_style_19\">\n\t\t\t\t\t<div class=\"e-con-inner\">\n\t\t\t\t<div class=\"elementor-element elementor-element-7499f8ac elementor-widget elementor-widget-elementskit-heading\" data-id=\"7499f8ac\" data-element_type=\"widget\" data-widget_type=\"elementskit-heading.default\">\n\t\t\t\t\t<div class=\"ekit-wid-con\" ><div class=\"ekit-heading elementskit-section-title-wraper text_center   ekit_heading_tablet-   ekit_heading_mobile-\"><h2 class=\"ekit-heading--title elementskit-section-title \">La mer \u00e0 vos pieds, le confort \u00e0 port\u00e9e de main.<\/h2>\t\t\t\t<div class='ekit-heading__description'>\n\t\t\t\t\t<p>Chaque appartement de la R\u00e9sidence Bahia a \u00e9t\u00e9 pens\u00e9 pour offrir des int\u00e9rieurs spacieux et baign\u00e9s de lumi\u00e8re naturelle. Avec un design moderne et des finitions de qualit\u00e9, ces espaces transforment chaque journ\u00e9e en une exp\u00e9rience de confort et d\u2019harmonie.<\/p>\n\t\t\t\t<\/div>\n\t\t\t<\/div><\/div>\t\t\t\t<\/div>\n\t\t<div class=\"elementor-element elementor-element-22ee647d e-con-full e-flex e-con e-child\" data-id=\"22ee647d\" data-element_type=\"container\" data-settings=\"{&quot;background_background&quot;:&quot;classic&quot;}\">\n\t\t\t\t<div class=\"elementor-element elementor-element-60b8a43a elementor-widget elementor-widget-elementskit-heading\" data-id=\"60b8a43a\" data-element_type=\"widget\" data-widget_type=\"elementskit-heading.default\">\n\t\t\t\t\t<div class=\"ekit-wid-con\" ><div class=\"ekit-heading elementskit-section-title-wraper center   ekit_heading_tablet-   ekit_heading_mobile-\"><h2 class=\"ekit-heading--title elementskit-section-title \">Un lieu de vie exclusif o\u00f9 \u00e9l\u00e9gance rime avec s\u00e9r\u00e9nit\u00e9.<\/h2>\t\t\t\t<div class='ekit-heading__description'>\n\t\t\t\t\t<p>La R\u00e9sidence Bahia vous propose bien plus qu\u2019un logement : un cadre raffin\u00e9 o\u00f9 le calme et l\u2019\u00e9l\u00e9gance se rencontrent. Entre la mer, les terrasses, la piscine rooftop et la s\u00e9curit\u00e9 d\u2019une r\u00e9sidence ferm\u00e9e, tout a \u00e9t\u00e9 con\u00e7u pour vous offrir une tranquillit\u00e9 absolue dans un environnement premium.<\/p>\n\t\t\t\t<\/div>\n\t\t\t<\/div><\/div>\t\t\t\t<\/div>\n\t\t\t\t<div class=\"elementor-element elementor-element-22a28655 elementor-align--mobilecenter elementor-align-center elementor-widget elementor-widget-elementskit-button\" data-id=\"22a28655\" data-element_type=\"widget\" data-widget_type=\"elementskit-button.default\">\n\t\t\t\t\t<div class=\"ekit-wid-con\" >\t\t<div class=\"ekit-btn-wraper\">\n\t\t\t\t\t\t\t<a href=\"https:\/\/www.instagram.com\/touilinvest\/\" class=\"elementskit-btn  whitespace--normal\" id=\"\">\n\t\t\t\t\tContactez nous \t\t\t\t<\/a>\n\t\t\t\t\t<\/div>\n        <\/div>\t\t\t\t<\/div>\n\t\t\t\t<\/div>\n\t\t\t\t\t<\/div>\n\t\t\t\t<\/div>\n\t\t\t\t<\/div>\n\t\t","protected":false},"excerpt":{"rendered":"<p>D\u00e9couvrez nos plans d\u2019appartements Des appartements de qualit\u00e9 dot\u00e9s de belles finitions et d\u2019espaces astucieusement am\u00e9nag\u00e9s. Un cadre de vie moderne et baln\u00e9aire, pens\u00e9 pour votre confort et votre tranquillit\u00e9. Parking en sous-sol s\u00e9curis\u00e9 R\u00e9sidence ferm\u00e9e et s\u00e9curis\u00e9e Climatisation centralis\u00e9e Piscine et salons panoramiques au rooftop Un espace lumineux et moderne, con\u00e7u pour embellir votre [&hellip;]<\/p>\n","protected":false},"author":1,"featured_media":0,"parent":0,"menu_order":0,"comment_status":"closed","ping_status":"closed","template":"","meta":{"_uag_custom_page_level_css":"","site-sidebar-layout":"no-sidebar","site-content-layout":"page-builder","ast-site-content-layout":"full-width-container","site-content-style":"unboxed","site-sidebar-style":"unboxed","ast-global-header-display":"","ast-banner-title-visibility":"","ast-main-header-display":"","ast-hfb-above-header-display":"","ast-hfb-below-header-display":"","ast-hfb-mobile-header-display":"","site-post-title":"disabled","ast-breadcrumbs-content":"","ast-featured-img":"","footer-sml-layout":"","theme-transparent-header-meta":"enabled","adv-header-id-meta":"","stick-header-meta":"","header-above-stick-meta":"","header-main-stick-meta":"","header-below-stick-meta":"","astra-migrate-meta-layouts":"set","ast-page-background-enabled":"default","ast-page-background-meta":{"desktop":{"background-color":"var(--ast-global-color-4)","background-image":"","background-repeat":"repeat","background-position":"center center","background-size":"auto","background-attachment":"scroll","background-type":"","background-media":"","overlay-type":"","overlay-color":"","overlay-opacity":"","overlay-gradient":""},"tablet":{"background-color":"","background-image":"","background-repeat":"repeat","background-position":"center center","background-size":"auto","background-attachment":"scroll","background-type":"","background-media":"","overlay-type":"","overlay-color":"","overlay-opacity":"","overlay-gradient":""},"mobile":{"background-color":"","background-image":"","background-repeat":"repeat","background-position":"center center","background-size":"auto","background-attachment":"scroll","background-type":"","background-media":"","overlay-type":"","overlay-color":"","overlay-opacity":"","overlay-gradient":""}},"ast-content-background-meta":{"desktop":{"background-color":"var(--ast-global-color-5)","background-image":"","background-repeat":"repeat","background-position":"center center","background-size":"auto","background-attachment":"scroll","background-type":"","background-media":"","overlay-type":"","overlay-color":"","overlay-opacity":"","overlay-gradient":""},"tablet":{"background-color":"var(--ast-global-color-5)","background-image":"","background-repeat":"repeat","background-position":"center center","background-size":"auto","background-attachment":"scroll","background-type":"","background-media":"","overlay-type":"","overlay-color":"","overlay-opacity":"","overlay-gradient":""},"mobile":{"background-color":"var(--ast-global-color-5)","background-image":"","background-repeat":"repeat","background-position":"center center","background-size":"auto","background-attachment":"scroll","background-type":"","background-media":"","overlay-type":"","overlay-color":"","overlay-opacity":"","overlay-gradient":""}},"footnotes":""},"class_list":["post-311","page","type-page","status-publish","hentry"],"uagb_featured_image_src":{"full":false,"thumbnail":false,"medium":false,"medium_large":false,"large":false,"1536x1536":false,"2048x2048":false},"uagb_author_info":{"display_name":"mochkil100@gmail.com","author_link":"https:\/\/touilinvest.com\/?author=1"},"uagb_comment_info":0,"uagb_excerpt":"D\u00e9couvrez nos plans d\u2019appartements Des appartements de qualit\u00e9 dot\u00e9s de belles finitions et d\u2019espaces astucieusement am\u00e9nag\u00e9s. Un cadre de vie moderne et baln\u00e9aire, pens\u00e9 pour votre confort et votre tranquillit\u00e9. Parking en sous-sol s\u00e9curis\u00e9 R\u00e9sidence ferm\u00e9e et s\u00e9curis\u00e9e Climatisation centralis\u00e9e Piscine et salons panoramiques au rooftop Un espace lumineux et moderne, con\u00e7u pour embellir votre\u2026","_links":{"self":[{"href":"https:\/\/touilinvest.com\/index.php?rest_route=\/wp\/v2\/pages\/311","targetHints":{"allow":["GET"]}}],"collection":[{"href":"https:\/\/touilinvest.com\/index.php?rest_route=\/wp\/v2\/pages"}],"about":[{"href":"https:\/\/touilinvest.com\/index.php?rest_route=\/wp\/v2\/types\/page"}],"author":[{"embeddable":true,"href":"https:\/\/touilinvest.com\/index.php?rest_route=\/wp\/v2\/users\/1"}],"replies":[{"embeddable":true,"href":"https:\/\/touilinvest.com\/index.php?rest_route=%2Fwp%2Fv2%2Fcomments&post=311"}],"version-history":[{"count":16,"href":"https:\/\/touilinvest.com\/index.php?rest_route=\/wp\/v2\/pages\/311\/revisions"}],"predecessor-version":[{"id":663,"href":"https:\/\/touilinvest.com\/index.php?rest_route=\/wp\/v2\/pages\/311\/revisions\/663"}],"wp:attachment":[{"href":"https:\/\/touilinvest.com\/index.php?rest_route=%2Fwp%2Fv2%2Fmedia&parent=311"}],"curies":[{"name":"wp","href":"https:\/\/api.w.org\/{rel}","templated":true}]}}